{"id":7734,"date":"2021-03-25T09:57:05","date_gmt":"2021-03-25T08:57:05","guid":{"rendered":"https:\/\/sleepy-benz.51-38-179-249.plesk.page\/dichiarazione-sulla-privacy-ue\/"},"modified":"2022-06-13T09:13:47","modified_gmt":"2022-06-13T07:13:47","slug":"dichiarazione-sulla-privacy-ue","status":"publish","type":"page","link":"https:\/\/sleepy-benz.51-38-179-249.plesk.page\/dichiarazione-sulla-privacy-ue\/","title":{"rendered":"Informativa privacy"},"content":{"rendered":"\t\t<div data-elementor-type=\"wp-page\" data-elementor-id=\"7734\" class=\"elementor elementor-7734\" data-elementor-post-type=\"page\">\n\t\t\t\t\t\t<section class=\"elementor-section elementor-top-section elementor-element elementor-element-3c22e804 elementor-section-boxed elementor-section-height-default elementor-section-height-default\" data-id=\"3c22e804\" data-element_type=\"section\" data-e-type=\"section\" data-settings=\"{&quot;jet_parallax_layout_list&quot;:[{&quot;jet_parallax_layout_image&quot;:{&quot;url&quot;:&quot;&quot;,&quot;id&quot;:&quot;&quot;,&quot;size&quot;:&quot;&quot;},&quot;_id&quot;:&quot;5a79381&quot;,&quot;jet_parallax_layout_image_tablet&quot;:{&quot;url&quot;:&quot;&quot;,&quot;id&quot;:&quot;&quot;,&quot;size&quot;:&quot;&quot;},&quot;jet_parallax_layout_image_mobile&quot;:{&quot;url&quot;:&quot;&quot;,&quot;id&quot;:&quot;&quot;,&quot;size&quot;:&quot;&quot;},&quot;jet_parallax_layout_speed&quot;:{&quot;unit&quot;:&quot;%&quot;,&quot;size&quot;:50,&quot;sizes&quot;:[]},&quot;jet_parallax_layout_type&quot;:&quot;scroll&quot;,&quot;jet_parallax_layout_direction&quot;:&quot;1&quot;,&quot;jet_parallax_layout_fx_direction&quot;:null,&quot;jet_parallax_layout_z_index&quot;:&quot;&quot;,&quot;jet_parallax_layout_bg_x&quot;:50,&quot;jet_parallax_layout_bg_x_tablet&quot;:&quot;&quot;,&quot;jet_parallax_layout_bg_x_mobile&quot;:&quot;&quot;,&quot;jet_parallax_layout_bg_y&quot;:50,&quot;jet_parallax_layout_bg_y_tablet&quot;:&quot;&quot;,&quot;jet_parallax_layout_bg_y_mobile&quot;:&quot;&quot;,&quot;jet_parallax_layout_bg_size&quot;:&quot;auto&quot;,&quot;jet_parallax_layout_bg_size_tablet&quot;:&quot;&quot;,&quot;jet_parallax_layout_bg_size_mobile&quot;:&quot;&quot;,&quot;jet_parallax_layout_animation_prop&quot;:&quot;transform&quot;,&quot;jet_parallax_layout_on&quot;:[&quot;desktop&quot;,&quot;tablet&quot;]}]}\">\n\t\t\t\t\t\t<div class=\"elementor-container elementor-column-gap-default\">\n\t\t\t\t\t<div class=\"elementor-column elementor-col-100 elementor-top-column elementor-element elementor-element-277dd289\" data-id=\"277dd289\" data-element_type=\"column\" data-e-type=\"column\">\n\t\t\t<div class=\"elementor-widget-wrap elementor-element-populated\">\n\t\t\t\t\t\t<div class=\"elementor-element elementor-element-da358c4 elementor-widget elementor-widget-text-editor\" data-id=\"da358c4\" data-element_type=\"widget\" data-e-type=\"widget\" data-widget_type=\"text-editor.default\">\n\t\t\t\t<div class=\"elementor-widget-container\">\n\t\t\t\t\t\t\t\t\t<h3 style=\"text-align: center;\"><strong>INFORMATIVA PRIVACY<\/strong><\/h3>\n<h3 style=\"text-align: center;\"><strong>ai sensi dell\u2019art. 13 del Reg. UE 2016\/679 (di seguito, \u201cGDPR\u201d)<\/strong><\/h3>\n<p style=\"text-align: center; font-size: 0.9vw;\"><cite>Spesa Taac protegge la tua privacy<\/cite><\/p>\n<p style=\"text-align: center;\"><cite>per il trattamento dei dati personali<br>\nacquisiti tramite il presente sito web shop.alimentarizoratti.it<\/cite><\/p>\n<ol>\n<li><strong>INFORMAZIONI GENERALI <\/strong><\/li>\n<\/ol>\n<p>Si informano gli utenti (di seguito, anche quali \u201cinteressati\u201d, ex. art.4, c.1 GDPR) dei seguenti profili generali, validi per tutti gli ambiti del trattamento:<\/p>\n<ul>\n<li>Il <strong>Titolare del Trattamento<\/strong> \u00e8 Alimentari Zoratti S.r.l. (c.f. e partita iva: 12934480158), in persona del suo rappresentante legale pro-tempore, con sede legale in Milano &#8211; via Modica n. 3, che potrai contattare anche ai seguenti recapiti:&nbsp;<span style=\"font-style: italic; text-align: center;\">info@alimentarizoratti<\/span>.it \u2013 tel: +39 02 02.89124195.<\/li>\n<li>Tutti i dati degli utenti, riferiti direttamente o indirettamente a persone fisiche, sono trattati in modo <strong>lecito, corretto e trasparente<\/strong> nei confronti dell\u2019interessato, nel rispetto dei principi generali previsti dall\u2019art. 5 GDPR.<\/li>\n<li>Abbiamo adottato specifiche <strong>misure di sicurezza<\/strong> per prevenire la perdita dei dati, usi illeciti, o non corretti e accessi non autorizzati.<\/li>\n<li>Tramite il sito si raccolgono, mediante sistemi e supporti informatici ovvero cartacei (: stampa cartacea di documento informatico), <strong>solamente dati \u201ccomuni\u201d<\/strong> ovvero informazioni che non comprendono \u201c<em>particolari categorie di dati<\/em>\u201d (<em>dati personali che rivelino l\u2019origine razziale o etnica, le opinioni politiche, le convinzioni religiose o filosofiche, o l\u2019appartenenza sindacale, nonch\u00e9 trattare dati genetici, dati biometrici intesi <\/em><em>a identificare in modo univoco una persona fisica, dati relativi alla salute o alla vita sessuale o all\u2019orientamento sessuale della persona<\/em>) ovvero di \u201c<em>dati giudiziari<\/em>\u201d (<em>dati personali relativi alle condanne penali e ai reati o a connesse misure di sicurezza<\/em>).<\/li>\n<li>Il web hosting del sito \u00e8 tenuto da server del Titolare ovvero presso societ\u00e0 terze, nominate responsabili esterni del trattamento elaborando i dati per conto del Titolare, i cui server &#8211; ai fini della gestione del sito &#8211; sono posti <strong>all\u2019interno dello Spazio economico europeo<\/strong>; eventuali trasferimenti di dati a sub-responsabili all\u2019estero verranno coperti da clausole contrattuali standard e\/o da decisioni di adeguatezza, in conformit\u00e0 agli artt. 45 e 46 GDPR.<\/li>\n<li>L\u2019elenco aggiornato delle persone autorizzate al trattamento per conto del Titolare nonch\u00e9 dei responsabili esterni del trattamento designati da Alimentari Zoratti \u00e8 disponibile presso la sede del Titolare.<\/li>\n<li>La politica della privacy di Alimentari Zoratti non comporta, infine, il trattamento di dati personali di persone fisiche minori di 18 anni di et\u00e0. Pertanto questo sito non \u00e8 destinato a raccogliere intenzionalmente informazioni personali riferite ai minori. Nel caso in cui informazioni su minori fossero involontariamente registrate, il Titolare le canceller\u00e0 in modo tempestivo, direttamente e\/o su richiesta degli utenti.<\/li>\n<\/ul>\n<ol start=\"2\">\n<li><strong> I TUOI DATI PERSONALI<\/strong><\/li>\n<\/ol>\n<p>Si descrivono le modalit\u00e0 di gestione dei dati personali acquisiti tramite il presente sito web app.alimentarizoratti.it che prevedono la possibile interazione con l\u2019utente:<\/p>\n<ul type=\"none\">\n<li><em>(2.1) dati di navigazione<\/em><\/li>\n<li><em>(2.2) registrazione<\/em><\/li>\n<li><em>(2.3) newsletter<\/em><\/li>\n<li><em>(2.4) altri dati<\/em><\/li>\n<li><em>(2.5) Cookies<\/em><\/li>\n<\/ul>\n<p><strong>2.1 Dati di navigazione<\/strong><\/p>\n<p>I sistemi informatici e le procedure software preposte al funzionamento di questo sito web acquisiscono, nel corso del loro normale esercizio, alcuni dati personali la cui trasmissione \u00e8 implicita nell\u2019uso dei protocolli di comunicazione di Internet. Si tratta di informazioni che non sono raccolte per essere associate a interessati identificati, ma che per loro stessa natura potrebbero \u2013 attraverso elaborazioni ed associazioni con dati detenuti da terzi \u2013 permettere di identificare gli utenti. In questa categoria di dati rientrano gli <strong>indirizzi IP o i nomi a dominio<\/strong> dei computer utilizzati dagli utenti che si connettono al sito, <strong>gli indirizzi in notazione URI<\/strong> (Uniform Resource Identifier) delle risorse richieste, <strong>l\u2019orario della richiesta<\/strong>, il <strong>metodo utilizzato nel sottoporre la richiesta al server, la dimensione del file ottenuto in risposta, il codice numerico indicante lo stato della risposta data dal server<\/strong> (buon fine, errore, ecc.) e <strong>altri parametri relativi al sistema operativo e all\u2019ambiente informatico<\/strong> dell\u2019utente.<\/p>\n<table width=\"100%\">\n<tbody>\n<tr>\n<td style=\"padding: 4px; border: 1px solid;\" nowrap=\"nowrap\"><p><strong>&nbsp;Finalit\u00e0 e base giuridica del trattamento<\/strong><\/p>\n<p>(GDPR- art.13, comma 1, lett. c)<\/p><\/td>\n<td style=\"padding: 4px; border: 1px solid;\">Questi dati vengono utilizzati al solo fine di ricavare informazioni statistiche anonime sull\u2019uso del sito e per controllarne il corretto funzionamento. I dati potrebbero inoltre essere utilizzati per l\u2019accertamento di responsabilit\u00e0 in caso di ipotetici reati informatici ai danni del sito (legittimi interessi del titolare \u2013 GDPR considerando n. 49).<\/td>\n<\/tr>\n<tr>\n<td style=\"padding: 4px; border: 1px solid;\" nowrap=\"nowrap\"><p><strong>&nbsp;Ambito di comunicazione<\/strong><\/p>\n<p>(GDPR- art.13, comma 1, lett. e,f)<\/p><\/td>\n<td style=\"padding: 4px; border: 1px solid;\">I dati sono trattati da personale interno del Titolare, regolarmente autorizzato e istruito al trattamento (GDPR-art.29) nonch\u00e9 da parte di responsabili esterni debitamente nominati (vedi punto 1.6).<\/td>\n<\/tr>\n<tr>\n<td style=\"padding: 4px; border: 1px solid;\" nowrap=\"nowrap\"><p><strong>&nbsp;Periodo di conservazione dei dati<\/strong><\/p>\n<p>(GDPR- art.13, comma 2, lett. a)<\/p><\/td>\n<td style=\"padding: 4px; border: 1px solid;\">I dati sono conservati per frazioni di tempo molto brevi ovvero per il tempo strettamente necessario richiesto dalla navigazione stessa.<\/td>\n<\/tr>\n<tr>\n<td style=\"padding: 4px; border: 1px solid;\" nowrap=\"nowrap\"><p><strong>&nbsp;Conferimento<\/strong><\/p>\n<p>(GDPR &#8211; art.13, comma 2, lett. f)<\/p><\/td>\n<td style=\"padding: 4px; border: 1px solid;\">I dati non sono conferiti dall\u2019interessato ma acquisiti automaticamente dai sistemi tecnologici del sito.<\/td>\n<\/tr>\n<\/tbody>\n<\/table>\n<p><strong>2.2 <\/strong><strong>Registrazione<\/strong><\/p>\n<p>Nella sezione e-commerce del sito, rinvenibile nell\u2019elenco prodotti e\/o offerte degli stessi, si consente all\u2019interessato, previa sua registrazione, di accedere alla gestione e-commerce dei prodotti offerti dal Titolare.<\/p>\n<table width=\"100%\">\n<tbody>\n<tr>\n<td style=\"padding: 4px; border: 1px solid;\" nowrap=\"nowrap\"><p><strong>&nbsp;Finalit\u00e0 e base giuridica del trattamento<\/strong><\/p>\n<p>(GDPR-art.13, comma 1, lett. c)<\/p><\/td>\n<td style=\"padding: 4px; border: 1px solid;\"><p>Vengono sollecitati i dati dell\u2019interessato:<\/p>\n<p>(i) per poter effettuare e ricevere l\u2019ordine di acquisto con successivo collegamento ai sistemi di pagamento mediante carta di credito (Visa\/Mastercard\/America Express), il tutto per il tramite della piattaforma Stripe (www.stripe.com\/it), acquisendo in tal modo i dati identificativi e di contatto necessari (nome\/cognome\/email\/telefono\/indirizzo di spedizione) nonch\u00e9 le ulteriori informazioni successive (dati bancari \/ dati su ordini \/ resi \/ coupon) ed abilitando cos\u00ec l\u2019interessato alla procedura di e-commerce Spesa Taac (di seguito, lo \u201cstore\u201d) del Titolare (consentire all\u2019interessato di accedere allo <em>store<\/em> quale ospite ovvero di registrarsi al sito, creare un account e di usufruire dei servizi riservati agli utenti registrati, tra cui, in particolare, la possibilit\u00e0 di navigare nello <em>store <\/em>come utente loggato; mantenere e gestire l\u2019account; memorizzare nell\u2019account dati e informazioni, quali, a titolo esemplificativo, i dati anagrafici, lo storico degli ordini e degli eventuali resi, gli indirizzi di consegna e\/o fatturazione preferiti; consentire all\u2019interessato di mettere i prodotti nel carrello e di concludere il contratto di acquisto tramite lo <em>store<\/em>).<\/p>\n<p>L\u2019invio della richiesta avviene sulla base del consenso dell\u2019interessato, libero e informato, espresso mediante azione positiva inequivocabile (GDPR-art.6, co. 1, lett. a, considerando n. 32) mediante l\u2019esecuzione di apposita check box.<\/p>\n<p>(ii) per dare esecuzione alle obbligazioni nascenti a carico del Titolare dal contratto di acquisto concluso tramite lo <em>store<\/em>, quali, a titolo esemplificativo, la consegna dei prodotti venduti;<\/p>\n<p>(iii) per consentire all\u2019interessato l\u2019adempimento delle obbligazioni nascenti a suo carico dal contratto di acquisto concluso tramite lo store, quali, a titolo esemplificativo, il pagamento, anche on line, dei prodotti acquistati.<\/p>\n<p>La base giuridica per questi trattamenti (ii-iii) \u00e8 l\u2019adempimento del contratto (art. 6.1.b) del GDPR.<\/p>\n<p>(iv)&nbsp; per attivit\u00e0 generica di assistenza e di <em>customer care<\/em> e quindi per dare riscontro alle richieste di informazioni provenienti dagli utenti ovvero per rispondere a reclami, segnalazioni e contestazioni.<br>\nLa base giuridica di questo trattamento \u00e8 l\u2019esecuzione di misure precontrattuali adottate su richiesta dell\u2019interessato (art. 6.1.b, ultimo capoverso GDPR) o, a seconda dei casi, il legittimo interesse del Titolare (art. 6.1.f GDPR), in quanto costituisce interesse legittimo del Titolare rispondere alle richieste di informazioni e\/o alle segnalazioni e\/o alle contestazioni e\/o ai reclami degli utenti dello <em>store<\/em> (a cui, peraltro, il Titolare \u00e8 tenuto a rispondere, anche in base alla normativa di cui al codice del consumo). Tale legittimo interesse del Titolare coincide inoltre con il legittimo interesse degli stessi utenti dello <em>store<\/em> che effettuano le richieste e\/o le segnalazioni e\/o le contestazioni e\/o i reclami in oggetto e che, quindi, nell\u2019ambito della relazione con il Titolare, si pu\u00f2 ritenere che ragionevolmente si aspettino che i loro dati personali siano utilizzati dal Titolare stesso per dare loro un riscontro.<br>\nIl legittimo interesse del Titolare, cos\u00ec individuato, pu\u00f2 ritenersi quindi prevalente sui diritti e le libert\u00e0 fondamentali dell\u2019interessato, anche in ragione di tali ragionevoli aspettative e della relazione esistente tra l\u2019interessato e il Titolare medesimo nonch\u00e9 in considerazione della natura dei dati trattati e del coincidente interesse degli interessati medesimi.<\/p>\n<p>L\u2019interessato ha, in ogni caso, il diritto di opporsi, in qualsiasi momento, per motivi connessi alla sua situazione personale, al trattamento dei dati personali che la riguardano per la finalit\u00e0 in oggetto (i.e. assistenza e <em>customer care<\/em>).<\/p>\n<p>(v) per l\u2019accertamento e la difesa dei diritti del Titolare in sede di reclamo e\/o risoluzione stragiudiziale e\/o giudiziaria e ci\u00f2 per un interesse legittimo del Titolare o per necessit\u00e0 di tutela dei diritti del medesimo.<\/p><\/td>\n<\/tr>\n<tr>\n<td style=\"padding: 4px; border: 1px solid;\" nowrap=\"nowrap\"><p><strong>Ambito di comunicazione<\/strong><\/p>\n<p>(GDPR-art.13, comma 1, lett. e,f)<\/p><\/td>\n<td style=\"padding: 4px; border: 1px solid;\">I dati sono trattati da personale interno del Titolare, regolarmente autorizzato e istruito al trattamento (GDPR-art.29) nonch\u00e9 da parte di responsabili esterni debitamente nominati (vedi punto 1.6).<\/td>\n<\/tr>\n<tr>\n<td style=\"padding: 4px; border: 1px solid;\" nowrap=\"nowrap\"><p><strong>Periodo di conservazione dei dati<\/strong><\/p>\n<p>(GDPR-art.13, comma 2, lett. a)<\/p><\/td>\n<td style=\"padding: 4px; border: 1px solid;\">I dati di registrazione saranno trattati sino alla chiusura dell\u2019account, tenuto conto dei tempi tecnici necessari alla stessa; i dati necessari alla conclusione del contratto sino alla consegna del prodotto o, in caso di mancata consegna, sino alla risoluzione del contratto, fermo restando che, scaduto tale termine, il Titolare potr\u00e0 conservare i dati per le finalit\u00e0 amministrative, fiscali e contabili sino a 10 anni coincidente con il termine di prescrizione di legge ovvero, in caso, di finalit\u00e0 per l\u2019esercizio dei diritti del Titolare, per la durata del contenzioso e, nel caso di contenzioso giudiziale, per tutta la sua durata dello stesso sino all\u2019esaurimento dei termini di esperibilit\u00e0 delle azioni di impugnazione.<\/td>\n<\/tr>\n<tr>\n<td style=\"padding: 4px; border: 1px solid;\" nowrap=\"nowrap\"><p><strong>Conferimento<\/strong><\/p>\n<p>(GDPR-art.13, comma 2, lett. f)<\/p><\/td>\n<td style=\"padding: 4px; border: 1px solid;\">Il conferimento dei dati necessarie e\/o accessori all\u2019attivit\u00e0 di e-commerce di cui sopra \u00e8 facoltativo: non esiste cio\u00e8 alcun obbligo legale o contrattuale di comunicazione dei dati; tuttavia, poich\u00e9 il loro trattamento \u00e8 necessario per consentire l\u2019accesso allo <em>store<\/em> e\/o la navigazione nello <em>store<\/em> e\/o la registrazione allo <em>store<\/em> e\/o la prestazione dei servizi di gestione e manutenzione dell\u2019account nonch\u00e9 la conclusione del contratto di acquisto tramite lo <em>store<\/em>, la mancata comunicazione dei dati obbligatori (identificati con un asterisco) comporter\u00e0 l\u2019impossibilit\u00e0 per l\u2019utente di accedere e\/o navigare sullo <em>store<\/em> e\/o di registrarsi allo <em>store<\/em> e di usufruire dei servizi riservati agli utenti registrati e\/o di concludere un contratto di acquisto tramite lo <em>store<\/em>.<\/td>\n<\/tr>\n<\/tbody>\n<\/table>\n<p><strong>2.<\/strong><strong>3 Newsletter<\/strong><\/p>\n<p>La newsletter di Alimentari Zoratti (\u201c<em>Registrati alla newsletter<\/em>\u201d) consente un costante approfondimento rispetto a informazioni utili del settore di riferimento (prodotti alimentari e per la casa) e per ci\u00f2 che attiene a offerte di iniziative commerciali e\/o promozionali del Titolare stesso.<\/p>\n<table width=\"100%\">\n<tbody>\n<tr>\n<td style=\"padding: 4px; border: 1px solid;\" nowrap=\"nowrap\"><p>&nbsp;<strong>Finalit\u00e0 e base giuridica del trattamento<\/strong><\/p>\n<p>(GDPR-art.13, comma 1, lett.c)<\/p><\/td>\n<td style=\"padding: 4px; border: 1px solid;\">Vengono richiesti i seguenti dati: indirizzo email, e ci\u00f2 al solo fine di inviare la newsletter, per ricevere notizie su prodotti in linea con le proprie esigenze. L\u2019iscrizione \u00e8 subordinata all\u2019accettazione di specifico, libero e informato consenso (GDPR-art.6, comma1, lett.a)<\/td>\n<\/tr>\n<tr>\n<td style=\"padding: 4px; border: 1px solid;\" nowrap=\"nowrap\"><p><strong>Ambito di comunicazione<\/strong><\/p>\n<p>(GDPR-art.13, comma 1, lett.e,f)<\/p><\/td>\n<td style=\"padding: 4px; border: 1px solid;\">I dati sono trattati esclusivamente da personale regolarmente autorizzato e istruito al trattamento (GDPR-art. 29) nonch\u00e9 da parte di responsabili esterni debitamente nominati (vedi punto 1.6).<\/td>\n<\/tr>\n<tr>\n<td style=\"padding: 4px; border: 1px solid;\" nowrap=\"nowrap\"><p><strong>Periodo di conservazione dei dati<\/strong><\/p>\n<p>(GDPR-art.13, comma 2, lett.a)<\/p><\/td>\n<td style=\"padding: 4px; border: 1px solid;\">I dati sono conservati fino all\u2019eventuale revoca del consenso da parte dell\u2019interessato, liberamente effettuabile in qualsiasi momento mediante il collegamento al link \u201cdisiscriviti\u201d, presente in calce alla newsletter, ovvero di relativa richiesta in tal senso all\u2019indirizzo email del Titolare&nbsp;<a href=\"mailto:info@alimentarizoratti.it\" target=\"_blank\" rel=\"noopener\">info@alimentarizoratti.it<\/a>.<\/td>\n<\/tr>\n<tr>\n<td style=\"padding: 4px; border: 1px solid;\" nowrap=\"nowrap\"><p><strong>Conferimento<\/strong><\/p>\n<p>(GDPR-art.13, comma 2, lett.f)<\/p><\/td>\n<td style=\"padding: 4px; border: 1px solid;\">Il mancato conferimento dell\u2019indirizzo email e del consenso comporter\u00e0 l\u2019impossibilit\u00e0 di ottenere il servizio newsletter.<\/td>\n<\/tr>\n<\/tbody>\n<\/table>\n<p><strong>2.<\/strong><strong>4 Altri dati forniti volontariamente dall\u2019utente.<\/strong><\/p>\n<p>L\u2019invio facoltativo, esplicito e volontario di posta elettronica e\/o ordinaria agli altri indirizzi indicati su questo sito (<a href=\"mailto:ordini@alimentarizoratti.it\" target=\"_blank\" rel=\"noopener\">ordini@alimentarizoratti.it<\/a>), comporta la successiva acquisizione dell\u2019indirizzo del mittente, necessario per rispondere alle richieste, nonch\u00e9 degli eventuali altri dati personali inseriti nella missiva.<\/p>\n<p>Qualora il mittente inviasse il proprio curriculum per sottoporre la propria candidatura professionale, esso rimane l\u2019unico responsabile della pertinenza ed esattezza dei dati inviati. Al primo contatto utile in sede di colloquio, verr\u00e0 rilasciata idonea informativa privacy all\u2019interessato, avvenendo il trattamento per la finalit\u00e0 di eventuale selezione del candidato. Il mittente si dovr\u00e0 in ogni caso astenere dall\u2019inviare informazioni rientranti nelle \u201c<em>particolari categorie di dati<\/em>\u201d ovvero di \u201c<em>dati giudiziari<\/em>\u201d (vedi punto 1.4); in caso di ricezione, tali informazioni verranno cancellate, non venendo in alcun modo sottoposte a trattamento da parte del Titolare.<\/p>\n<p><strong>2.5 Cookies<\/strong><\/p>\n<p>La policy cookies puoi visionarla nell\u2019apposita sezione:&nbsp;<a href=\"https:\/\/sleepy-benz.51-38-179-249.plesk.page\/politica-dei-cookie-ue\/\" target=\"_blank\" rel=\"noopener\">policy cookies<\/a><\/p>\n<ol start=\"3\">\n<li><strong> I VOSTRI DIRITTI<\/strong><\/li>\n<\/ol>\n<p><strong>3.1<\/strong> Potrete liberamente esercitare i seguenti diritti in relazione al trattamento dei dati trattati da Alimentari Zoratti:<\/p>\n<ol>\n<li>Ottenere conferma che sia in o meno in corso un trattamento di dati che vi riguardano e in tal caso, ottenere l\u2019accesso ai dati e alle informazioni relative al trattamento.<\/li>\n<li>Richiedere la rettifica di dati inesatti;<\/li>\n<li>Richiedere la cancellazione dei dati nel caso in cui, tra le altre ragioni, gli stessi non siano pi\u00f9 necessari per le finalit\u00e0 per cui sono stati richiesti; in tal caso, Alimentari Zoratti provveder\u00e0 a cesser\u00e0 di trattare i dati, fatto salvo il caso in cui gli stessi siano necessari per l\u2019accertamento, l\u2019esercizio o la difesa di un diritto.<\/li>\n<li>Richiedere l\u2019applicazione della limitazione del trattamento dei dati, nel qual caso gli stessi potranno essere trattati solo previo consenso dell\u2019interessato; fanno eccezione la conservazione dei dati stessi e l\u2019utilizzo per l\u2019accertamento, l\u2019esercizio o la difesa di un diritto o per la protezione dei diritti di altri soggetti fisici o giuridici o per motivi di interesse pubblico rilevante dell\u2019Unione Europea o di uno Stato Membro.<\/li>\n<li>Opporvi, in tutto od in parte, per motivi legittimi al trattamento dei vostri dati, in tal caso, Alimentari Zoratti dovr\u00e0 cessare di trattare i dati stessi, fatto salvo il caso in cui gli stessi siano necessari per la difesa contro possibili reclami.<\/li>\n<li>Ricevere, in un formato strutturato, di uso comune e leggibile da un dispositivo automatico, i dati forniti a Alimentari Zoratti o richiedere che Alimentari Zoratti li trasferisca direttamente ad un altro titolare quando tecnicamente possibile.<\/li>\n<li>Revocare il consenso concesso, se pertinente, per le finalit\u00e0 specificate nel precedente punto 2 senza pregiudicare la legittimit\u00e0 del trattamento sulla base del consenso fornito precedentemente alla revoca.<\/li>\n<\/ol>\n<p><strong>3.2 <\/strong>I suddetti diritti di accesso, rettifica, cancellazione, limitazione, opposizione, e portabilit\u00e0 dei dati potranno essere esercitati direttamente dall\u2019interessato o da un suo rappresentante legale o volontario, mediante richiesta rivolta a Alimentari Zoratti ai suoi dati di contatto mediante invio di lettera raccomandata a.r. presso la sede legale del Titolare in Milano &#8211; via Modica n. 3 ovvero di semplice comunicazione email all\u2019indirizzo&nbsp;<a href=\"mailto:info@alimentarizoratti.it\" target=\"_blank\" rel=\"noopener\">info@alimentarizoratti.it<\/a>&nbsp;o, infine, di email pec all\u2019indirizzo&nbsp;<a href=\"mailto:alimentarizoratti@legalmail.it\" target=\"_blank\" rel=\"noopener\">alimentarizoratti@legalmail.it<\/a>.<\/p>\n<p>L\u2019interessato ha diritto di proporre reclamo alla competente Autorit\u00e0 di controllo.<\/p>\n<ol start=\"4\">\n<li><strong> AGGIORNAMENTO DELLA POLICY<\/strong><\/li>\n<\/ol>\n<p>Si segnala che la presente informativa pu\u00f2 essere oggetto di revisione periodica, anche in relazione alla normativa e giurisprudenza di riferimento. In caso di variazioni significative verr\u00e0 data, per un tempo congruo, opportuna evidenza in home-page del sito. Si invita comunque l\u2019interessato a consultare periodicamente la presente policy. Si tratta di un\u2019informativa, resa ai sensi dell\u2019art. 13 del GDPR, valida esclusivamente per il sito&nbsp;<a href=\"https:\/\/sleepy-benz.51-38-179-249.plesk.page\" target=\"_blank\" rel=\"noopener\">app.alimentarizoratti.it<\/a>&nbsp;e non anche per altri siti web eventualmente consultati dall\u2019utente tramite link.<\/p>\t\t\t\t\t\t\t\t<\/div>\n\t\t\t\t<\/div>\n\t\t\t\t\t<\/div>\n\t\t<\/div>\n\t\t\t\t\t<\/div>\n\t\t<\/section>\n\t\t\t\t<\/div>\n\t\t","protected":false},"excerpt":{"rendered":"<p>INFORMATIVA PRIVACY ai sensi dell\u2019art. 13 del Reg. UE 2016\/679 (di seguito, \u201cGDPR\u201d) Spesa Taac protegge la tua privacy per il trattamento dei dati personali acquisiti tramite il presente sito web shop.alimentarizoratti.it INFORMAZIONI GENERALI Si informano gli utenti (di seguito, anche quali \u201cinteressati\u201d, ex. art.4, c.1 GDPR) dei seguenti profili generali, validi per tutti gli [&hellip;]<\/p>\n","protected":false},"author":4,"featured_media":0,"parent":0,"menu_order":0,"comment_status":"closed","ping_status":"closed","template":"","meta":{"_acf_changed":false,"footnotes":""},"class_list":["post-7734","page","type-page","status-publish","hentry"],"acf":[],"_links":{"self":[{"href":"https:\/\/sleepy-benz.51-38-179-249.plesk.page\/wp-json\/wp\/v2\/pages\/7734","targetHints":{"allow":["GET"]}}],"collection":[{"href":"https:\/\/sleepy-benz.51-38-179-249.plesk.page\/wp-json\/wp\/v2\/pages"}],"about":[{"href":"https:\/\/sleepy-benz.51-38-179-249.plesk.page\/wp-json\/wp\/v2\/types\/page"}],"author":[{"embeddable":true,"href":"https:\/\/sleepy-benz.51-38-179-249.plesk.page\/wp-json\/wp\/v2\/users\/4"}],"replies":[{"embeddable":true,"href":"https:\/\/sleepy-benz.51-38-179-249.plesk.page\/wp-json\/wp\/v2\/comments?post=7734"}],"version-history":[{"count":9,"href":"https:\/\/sleepy-benz.51-38-179-249.plesk.page\/wp-json\/wp\/v2\/pages\/7734\/revisions"}],"predecessor-version":[{"id":47293,"href":"https:\/\/sleepy-benz.51-38-179-249.plesk.page\/wp-json\/wp\/v2\/pages\/7734\/revisions\/47293"}],"wp:attachment":[{"href":"https:\/\/sleepy-benz.51-38-179-249.plesk.page\/wp-json\/wp\/v2\/media?parent=7734"}],"curies":[{"name":"wp","href":"https:\/\/api.w.org\/{rel}","templated":true}]}}